{"id":77,"date":"2016-12-30T13:17:07","date_gmt":"2016-12-30T12:17:07","guid":{"rendered":"http:\/\/cellofan24.pl\/?page_id=77"},"modified":"2017-03-20T11:52:55","modified_gmt":"2017-03-20T10:52:55","slug":"formularz-kontaktowy","status":"publish","type":"page","link":"https:\/\/citylan.com.pl\/index.php\/formularz-kontaktowy\/","title":{"rendered":"Kontakt"},"content":{"rendered":"<div id=\"pl-77\"  class=\"panel-layout\" ><div id=\"pg-77-0\"  class=\"panel-grid panel-no-style\" ><div id=\"pgc-77-0-0\"  class=\"panel-grid-cell\" ><div id=\"panel-77-0-0-0\" class=\"so-panel widget widget_mercantile_contact panel-first-child panel-last-child\" data-index=\"0\" >            <section id=\"mercantile_contact-1\" class=\"acme-widgets acme-contact\">\r\n                <div class=\"contact-form\">\r\n                    <div class=\"container\">\r\n                        <div class=\"row\">\r\n                                                        <div class=\"col-sm-6  init-animate fadeInLeftBig1\">\r\n                                <div role=\"form\" class=\"wpcf7\" id=\"wpcf7-f76-o1\" lang=\"pl-PL\" dir=\"ltr\">\n<div class=\"screen-reader-response\"><p role=\"status\" aria-live=\"polite\" aria-atomic=\"true\"><\/p> <ul><\/ul><\/div>\n<form action=\"\/index.php\/wp-json\/wp\/v2\/pages\/77#wpcf7-f76-o1\" method=\"post\" class=\"wpcf7-form init\" novalidate=\"novalidate\" data-status=\"init\">\n<div style=\"display: none;\">\n<input type=\"hidden\" name=\"_wpcf7\" value=\"76\" \/>\n<input type=\"hidden\" name=\"_wpcf7_version\" value=\"5.6.1\" \/>\n<input type=\"hidden\" name=\"_wpcf7_locale\" value=\"pl_PL\" \/>\n<input type=\"hidden\" name=\"_wpcf7_unit_tag\" value=\"wpcf7-f76-o1\" \/>\n<input type=\"hidden\" name=\"_wpcf7_container_post\" value=\"0\" \/>\n<input type=\"hidden\" name=\"_wpcf7_posted_data_hash\" value=\"\" \/>\n<\/div>\n<p><label> Imi\u0119 i nazwisko (wymagane)<br \/>\n    <span class=\"wpcf7-form-control-wrap\" data-name=\"your-name\"><input type=\"text\" name=\"your-name\" value=\"\" size=\"40\" class=\"wpcf7-form-control wpcf7-text wpcf7-validates-as-required\" aria-required=\"true\" aria-invalid=\"false\" \/><\/span> <\/label><\/p>\n<p><label> Adres email (wymagane)<br \/>\n    <span class=\"wpcf7-form-control-wrap\" data-name=\"your-email\"><input type=\"email\" name=\"your-email\" value=\"\" size=\"40\" class=\"wpcf7-form-control wpcf7-text wpcf7-email wpcf7-validates-as-required wpcf7-validates-as-email\" aria-required=\"true\" aria-invalid=\"false\" \/><\/span> <\/label><\/p>\n<p><label> Telefon<br \/>\n<span class=\"wpcf7-form-control-wrap\" data-name=\"tel-153\"><input type=\"tel\" name=\"tel-153\" value=\"\" size=\"40\" class=\"wpcf7-form-control wpcf7-text wpcf7-tel wpcf7-validates-as-tel\" aria-invalid=\"false\" \/><\/span> <\/label><\/p>\n<p><label> Temat<br \/>\n    <span class=\"wpcf7-form-control-wrap\" data-name=\"your-subject\"><input type=\"text\" name=\"your-subject\" value=\"\" size=\"40\" class=\"wpcf7-form-control wpcf7-text\" aria-invalid=\"false\" \/><\/span> <\/label><\/p>\n<p><label> Tre\u015b\u0107 wiadomo\u015bci<br \/>\n    <span class=\"wpcf7-form-control-wrap\" data-name=\"your-message\"><textarea name=\"your-message\" cols=\"40\" rows=\"10\" class=\"wpcf7-form-control wpcf7-textarea\" aria-invalid=\"false\"><\/textarea><\/span> <\/label><br \/>\n<label> Wyra\u017cam zgod\u0119 na kontakt przy pomocy podanych \u015brodk\u00f3w komunikacji<br \/>\n<span class=\"wpcf7-form-control-wrap\" data-name=\"acceptance-307\"><span class=\"wpcf7-form-control wpcf7-acceptance\"><span class=\"wpcf7-list-item\"><input type=\"checkbox\" name=\"acceptance-307\" value=\"1\" aria-invalid=\"false\" \/><\/span><\/span><\/span> <\/label><br \/>\n<label for=\"g-recaptcha\">Recaptcha<\/label><div class=\"g-recaptcha\" id=\"69d08b89a4412\" data-theme=\"\" data-type=\"\" data-sitekey=\"6LfrwbIoAAAAAHe54ref3p7W3QoznlifZoaUFFUV\" style=\"transform:scale(0.90);-webkit-transform:scale(0.90);transform-origin:0 0;-webkit-transform-origin:0 0;\"><\/div><input id=\"emailHP-69d08b89a4416\" type=\"text\" class=\"hPot_checker emailHP\" name=\"emailHP\" size=\"25\" value=\"\" placeholder=\"Do not fill in this field\" \/><script type=\"text\/javascript\" charset=\"utf-8\">\r\n\r\n                var onloadCallback = function() {\r\n                        var recaptchas = document.querySelectorAll('div[class=g-recaptcha]');\r\n                        for( i = 0; i < recaptchas.length; i++) {\r\n                                grecaptcha.render( recaptchas[i].id, {\r\n                                        'sitekey' : '6LfrwbIoAAAAAHe54ref3p7W3QoznlifZoaUFFUV',\r\n                                        'theme' : '',\r\n                                        'type' : '',\r\n                                });\r\n                        }\r\n                }\r\n        <\/script><span class=\"wpcf7-form-control-wrap cta_recaptcha\"><\/span><br \/>\n<input type=\"submit\" value=\"Wy\u015blij\" class=\"wpcf7-form-control has-spinner wpcf7-submit\" \/><\/p>\n<div class=\"wpcf7-response-output\" aria-hidden=\"true\"><\/div><\/form><\/div>                            <\/div>\r\n                                                                    <div class=\"col-sm-6  init-animate fadeInRightBig1\">\r\n                                            <h2 class=\"entry-title\">Kontakt<\/h2>                                            <div class=\"contact-page-content\">\r\n                                                <p>je\u015bli masz do nas pytanie, prosimy o kontakt:<\/p>\n<ul>\n<li>\n<h6>Godziny otwarcia biura<\/h6>\n<p><i class=\"fa fa-clock-o\"><\/i>poniedzia\u0142ek &#8211; pi\u0105tek : 9:00 do 17:00<\/li>\n<li>\n<h6>Adres Biura Obs\u0142ugi Klienta<\/h6>\n<p><i class=\"fa fa-map-marker\"><\/i> \u017beromskiego 30, 64-200 Wolsztyn<\/li>\n<li>\n<h6>telefon<\/h6>\n<p><i class=\"fa fa-phone\"><\/i>telefon  68 347 41 09<\/li>\n<\/ul>\n                                            <\/div>\r\n                                        <\/div>\r\n                                                                <\/div>\r\n                    <\/div>\r\n                <\/div>\r\n            <\/section>\r\n            <\/div><\/div><\/div><\/div>","protected":false},"excerpt":{"rendered":"<p>Imi\u0119 i nazwisko (wymagane) Adres email (wymagane) Telefon Temat Tre\u015b\u0107 wiadomo\u015bci kontakt_opis je\u015bli masz do nas pytanie, prosimy o kontakt: Godziny otwarcia biura poniedzia\u0142ek \u2013 pi\u0105tek : 10:00 do 18:00 sobota : 10:00 do 13:00 Adres Biura Obs\u0142ugi Klienta \u017beromskiego 30, 64-200 Wolsztyn E-mail pomoc[@]citylan.com.pl telefon telefon stacjonarny 68 347 41 09<\/p>\n","protected":false},"author":1,"featured_media":0,"parent":0,"menu_order":0,"comment_status":"closed","ping_status":"closed","template":"","meta":[],"_links":{"self":[{"href":"https:\/\/citylan.com.pl\/index.php\/wp-json\/wp\/v2\/pages\/77"}],"collection":[{"href":"https:\/\/citylan.com.pl\/index.php\/wp-json\/wp\/v2\/pages"}],"about":[{"href":"https:\/\/citylan.com.pl\/index.php\/wp-json\/wp\/v2\/types\/page"}],"author":[{"embeddable":true,"href":"https:\/\/citylan.com.pl\/index.php\/wp-json\/wp\/v2\/users\/1"}],"replies":[{"embeddable":true,"href":"https:\/\/citylan.com.pl\/index.php\/wp-json\/wp\/v2\/comments?post=77"}],"version-history":[{"count":10,"href":"https:\/\/citylan.com.pl\/index.php\/wp-json\/wp\/v2\/pages\/77\/revisions"}],"predecessor-version":[{"id":217,"href":"https:\/\/citylan.com.pl\/index.php\/wp-json\/wp\/v2\/pages\/77\/revisions\/217"}],"wp:attachment":[{"href":"https:\/\/citylan.com.pl\/index.php\/wp-json\/wp\/v2\/media?parent=77"}],"curies":[{"name":"wp","href":"https:\/\/api.w.org\/{rel}","templated":true}]}}