{"id":93,"date":"2016-12-30T15:10:56","date_gmt":"2016-12-30T14:10:56","guid":{"rendered":"http:\/\/cellofan24.pl\/?page_id=93"},"modified":"2016-12-30T15:16:24","modified_gmt":"2016-12-30T14:16:24","slug":"dekodery","status":"publish","type":"page","link":"https:\/\/citylan.com.pl\/index.php\/dekodery\/","title":{"rendered":"Dekodery"},"content":{"rendered":"<div id=\"pl-93\"  class=\"panel-layout\" ><div id=\"pg-93-0\"  class=\"panel-grid panel-no-style\" ><div id=\"pgc-93-0-0\"  class=\"panel-grid-cell\" ><div id=\"panel-93-0-0-0\" class=\"so-panel widget widget_mercantile_fdcolumn panel-first-child panel-last-child\" data-index=\"0\" >                        <section id=\"ebox\" class=\"acme-widgets acme-featured-image alternate\">\n                            <div class=\"col-image init-animate fadeInLeftBig1\">\n                                <img width=\"2000\" height=\"1333\" src=\"https:\/\/citylan.com.pl\/wp-content\/uploads\/2016\/12\/tuner_3-4_TVS_02_2000px.png\" class=\"col-img wp-post-image\" alt=\"\" loading=\"lazy\" srcset=\"https:\/\/citylan.com.pl\/wp-content\/uploads\/2016\/12\/tuner_3-4_TVS_02_2000px.png 2000w, https:\/\/citylan.com.pl\/wp-content\/uploads\/2016\/12\/tuner_3-4_TVS_02_2000px-300x200.png 300w, https:\/\/citylan.com.pl\/wp-content\/uploads\/2016\/12\/tuner_3-4_TVS_02_2000px-768x512.png 768w, https:\/\/citylan.com.pl\/wp-content\/uploads\/2016\/12\/tuner_3-4_TVS_02_2000px-1024x682.png 1024w, https:\/\/citylan.com.pl\/wp-content\/uploads\/2016\/12\/tuner_3-4_TVS_02_2000px-272x182.png 272w\" sizes=\"(max-width: 2000px) 100vw, 2000px\" \/>                            <\/div>\n                            <div class=\"container init-animate fadeInRightBig1\">\n                                <div class=\"row\">\n                                    <div class=\"col-md-5 col-md-offset-7\">\n                                        <div class=\"col-details\" style=\"border-left: 20px solid #2196F3;\">\n                                            <h3 class=\"widget-title\">Dekoder ebox<\/h3>                                            <div class=\"fs-text-desc\">\n                                                <p>Nowoczesny dekoder Telewizji \u015bwiat\u0142owodowej nagrywanie w chmurze gry pogoda<\/p>\n                                            <\/div>\n                                                                                            <div class=\"at-btn-wrap\">\n                                                    <a class=\"btn btn-primary\" href=\"https:\/\/citylan.com.pl\/index.php\/dekoder-ebox\/\">\n                                                        Dowiedz si\u0119 wi\u0119cej                                                    <\/a>\n                                                <\/div>\n                                                                                        <\/div>\n                                    <\/div>\n                                <\/div>\n                            <\/div>\n                        <\/section>\n                        <\/div><div class='clearfix'><\/div><\/div><\/div><\/div>","protected":false},"excerpt":{"rendered":"<p>Dekoder ebox Nowoczesny dekoder Telewizji \u015bwiat\u0142owodowej nagrywanie w chmurze gry pogoda Dowiedz si\u0119 wi\u0119cej<\/p>\n","protected":false},"author":1,"featured_media":0,"parent":0,"menu_order":0,"comment_status":"closed","ping_status":"closed","template":"","meta":[],"_links":{"self":[{"href":"https:\/\/citylan.com.pl\/index.php\/wp-json\/wp\/v2\/pages\/93"}],"collection":[{"href":"https:\/\/citylan.com.pl\/index.php\/wp-json\/wp\/v2\/pages"}],"about":[{"href":"https:\/\/citylan.com.pl\/index.php\/wp-json\/wp\/v2\/types\/page"}],"author":[{"embeddable":true,"href":"https:\/\/citylan.com.pl\/index.php\/wp-json\/wp\/v2\/users\/1"}],"replies":[{"embeddable":true,"href":"https:\/\/citylan.com.pl\/index.php\/wp-json\/wp\/v2\/comments?post=93"}],"version-history":[{"count":3,"href":"https:\/\/citylan.com.pl\/index.php\/wp-json\/wp\/v2\/pages\/93\/revisions"}],"predecessor-version":[{"id":102,"href":"https:\/\/citylan.com.pl\/index.php\/wp-json\/wp\/v2\/pages\/93\/revisions\/102"}],"wp:attachment":[{"href":"https:\/\/citylan.com.pl\/index.php\/wp-json\/wp\/v2\/media?parent=93"}],"curies":[{"name":"wp","href":"https:\/\/api.w.org\/{rel}","templated":true}]}}